{"id":214,"date":"2019-10-09T19:45:03","date_gmt":"2019-10-09T17:45:03","guid":{"rendered":"http:\/\/emmanuellakkari.com\/?page_id=214"},"modified":"2026-04-13T17:21:17","modified_gmt":"2026-04-13T15:21:17","slug":"contact","status":"publish","type":"page","link":"https:\/\/emmanuellakkari.com\/fr\/contact\/","title":{"rendered":"Contact"},"content":{"rendered":"<figure itemscope itemtype=\"https:\/\/schema.org\/ImageObject\">\n\t\t\t\t<img decoding=\"async\" src=\"https:\/\/emmanuellakkari.com\/wp-content\/uploads\/2025\/10\/448750008_8084249678294516_243085398068846238_n-960x676.jpg\" alt=\"448750008_8084249678294516_243085398068846238_n\" height=\"676\" width=\"960\" title=\"448750008_8084249678294516_243085398068846238_n\" onerror=\"this.style.display='none'\" loading=\"lazy\" \/>\n\t<\/figure>\n\t<p>Let&#8217;s work together.<\/p>\nEmmanuel Lakkari est un directeur de la photographie bas\u00e9 \u00e0 Paris, disponible pour des longs m\u00e9trages de fiction, des s\u00e9ries t\u00e9l\u00e9vis\u00e9es, des publicit\u00e9s, des contenus de marque et des films d'entreprise.<br \/>\nShare a few lines about your story, your timeline and where you plan to shoot &#8211; I&#8217;ll get back to you within 48 hours.\n\t<style>#wpzf-2913 + .notice { margin-top: 20px; padding: 15px; border-radius: 4px; }#wpzf-2913 + .notice.success { background-color: #e7f7ed; color: #227045; border-left: 4px solid #46b450; }#wpzf-2913 + .notice.error { background-color: #fde8e8; color: #8a1f11; border-left: 4px solid #cc0000; }#wpzf-2913 + .notice p { margin: 0; }#wpzf-2913-notice { scroll-margin-top: 24px; }<\/style><!-- ZOOM Forms Start -->\n\t\t\t<form id=\"wpzf-2913\" method=\"post\" action=\"https:\/\/emmanuellakkari.com\/wp-admin\/admin-post.php\" class=\"wpzoom-forms_form\">\n\t\t\t<input type=\"hidden\" name=\"action\" value=\"wpzf_submit\" \/>\n\t\t\t<input type=\"hidden\" name=\"form_id\" value=\"2913\" \/>\n\t\t\t<input type=\"hidden\" id=\"_wpnonce\" name=\"_wpnonce\" value=\"2a60071a75\" \/><input type=\"hidden\" name=\"_wp_http_referer\" value=\"\/fr\/wp-json\/wp\/v2\/pages\/214\" \/>\n\t\t\t\n<div class=\"wp-block-wpzoom-forms-form\">\n<div class=\"wp-block-group is-layout-flow wp-block-group-is-layout-flow\">\n<div class=\"wp-block-columns is-layout-flex wp-container-core-columns-is-layout-28f84493 wp-block-columns-is-layout-flex\">\n<div class=\"wp-block-column is-layout-flow wp-block-column-is-layout-flow\" style=\"flex-basis:100%\">\n<label for=\"input_name\"><label for=\"input_name\">Nom<\/label><sup class=\"wp-block-wpzoom-forms-required\">*<\/sup><\/label><input type=\"text\" name=\"wpzf_input_name\" id=\"input_name\" placeholder=\"\" required class=\"wp-block-wpzoom-forms-text-name-field fullwidth\"\/>\n\n\n\n<label class=\"wp-elements-baaf15900d473a3ef9ed42bff65bf5c7\" for=\"input_email\"><label for=\"input_email\">Email<\/label><sup class=\"wp-block-wpzoom-forms-required\">*<\/sup><\/label><input type=\"email\" name=\"wpzf_input_email\" id=\"input_email\" placeholder=\"\" required data-replyto=\"true\" class=\"wp-block-wpzoom-forms-text-email-field fullwidth has-black-color has-text-color has-link-color has-small-font-size\"\/>\n\n\n\n<label for=\"input_message\"><label for=\"input_message\">Message<\/label><sup class=\"wp-block-wpzoom-forms-required\">*<\/sup><\/label><textarea name=\"wpzf_input_message\" id=\"input_message\" cols=\"55\" rows=\"10\" placeholder=\"\" required class=\"wp-block-wpzoom-forms-textarea-field fullwidth\"><\/textarea>\n<\/div>\n<\/div>\n\n\n\n<div class=\"wp-block-columns is-layout-flex wp-container-core-columns-is-layout-28f84493 wp-block-columns-is-layout-flex\">\n<div class=\"wp-block-column is-layout-flow wp-block-column-is-layout-flow\" style=\"flex-basis:30%\">\n<input type=\"submit\" id=\"input_submit\" value=\"Submit\" class=\"wp-block-wpzoom-forms-submit-field has-white-color has-blue-background-color has-text-color has-background has-link-color has-medium-font-size wp-elements-29a16e8209223200546694cfca46face\" style=\"text-transform:uppercase\"\/>\n<\/div>\n\n\n\n<div class=\"wp-block-column is-layout-flow wp-block-column-is-layout-flow\" style=\"flex-basis:70%\">\n<p class=\"has-text-align-right\" style=\"font-size:16px\">Zone marqu\u00e9 avec <strong class=\"has-accent-color has-text-color\">*<\/strong> sont n\u00e9cessaires<\/p>\n<\/div>\n<\/div>\n<\/div>\n<\/div>\n\n\t\t\t<input type=\"hidden\" name=\"wpzf_replyto\" value=\"wpzf_input_email\" \/><\/form>\n\t\t\t\n\t\t\t<!-- ZOOM Forms End -->","protected":false},"excerpt":{"rendered":"<p>Let&#8217;s work together. Emmanuel Lakkari is a Paris-based cinematographer and DOP available for narrative features, TV series, commercials, brand content and corporate films. Share a few lines about your story, your timeline and where you plan to shoot &#8211; I&#8217;ll get back to you within 48 hours.<\/p>","protected":false},"author":1,"featured_media":0,"parent":0,"menu_order":0,"comment_status":"closed","ping_status":"closed","template":"","meta":{"footnotes":""},"class_list":["post-214","page","type-page","status-publish","hentry"],"yoast_head":"<!-- This site is optimized with the Yoast SEO plugin v27.4 - https:\/\/yoast.com\/product\/yoast-seo-wordpress\/ -->\n<title>Contact Emmanuel Lakkari \u2014 Paris DOP &amp; Cinematographer<\/title>\n<meta name=\"description\" content=\"Hire Paris Cinematographer Emmanuel Lakkari. Available for narrative films, luxury commercials and international projects.\" \/>\n<meta name=\"robots\" content=\"index, follow, max-snippet:-1, max-image-preview:large, max-video-preview:-1\" \/>\n<link rel=\"canonical\" href=\"https:\/\/emmanuellakkari.com\/fr\/contact\/\" \/>\n<meta property=\"og:locale\" content=\"fr_FR\" \/>\n<meta property=\"og:type\" content=\"article\" \/>\n<meta property=\"og:title\" content=\"Contact Emmanuel Lakkari \u2014 Paris DOP &amp; Cinematographer\" \/>\n<meta property=\"og:description\" content=\"Hire Paris Cinematographer Emmanuel Lakkari. Available for narrative films, luxury commercials and international projects.\" \/>\n<meta property=\"og:url\" content=\"https:\/\/emmanuellakkari.com\/fr\/contact\/\" \/>\n<meta property=\"og:site_name\" content=\"Emmanuel Lakkari\" \/>\n<meta property=\"article:publisher\" content=\"https:\/\/www.facebook.com\/emmanuel.lakkaripro\" \/>\n<meta property=\"article:modified_time\" content=\"2026-04-13T15:21:17+00:00\" \/>\n<meta property=\"og:image\" content=\"https:\/\/emmanuellakkari.com\/wp-content\/uploads\/2025\/10\/448750008_8084249678294516_243085398068846238_n-960x676.jpg\" \/>\n<meta name=\"twitter:card\" content=\"summary_large_image\" \/>\n<meta name=\"twitter:site\" content=\"@LakkariEmmanuel\" \/>\n<meta name=\"twitter:label1\" content=\"Dur\u00e9e de lecture estim\u00e9e\" \/>\n\t<meta name=\"twitter:data1\" content=\"1 minute\" \/>\n<script type=\"application\/ld+json\" class=\"yoast-schema-graph\">{\"@context\":\"https:\\\/\\\/schema.org\",\"@graph\":[{\"@type\":\"WebPage\",\"@id\":\"https:\\\/\\\/emmanuellakkari.com\\\/contact\\\/\",\"url\":\"https:\\\/\\\/emmanuellakkari.com\\\/contact\\\/\",\"name\":\"Contact Emmanuel Lakkari \u2014 Paris DOP & Cinematographer\",\"isPartOf\":{\"@id\":\"https:\\\/\\\/emmanuellakkari.com\\\/#website\"},\"primaryImageOfPage\":{\"@id\":\"https:\\\/\\\/emmanuellakkari.com\\\/contact\\\/#primaryimage\"},\"image\":{\"@id\":\"https:\\\/\\\/emmanuellakkari.com\\\/contact\\\/#primaryimage\"},\"thumbnailUrl\":\"https:\\\/\\\/emmanuellakkari.com\\\/wp-content\\\/uploads\\\/2025\\\/10\\\/448750008_8084249678294516_243085398068846238_n-960x676.jpg\",\"datePublished\":\"2019-10-09T17:45:03+00:00\",\"dateModified\":\"2026-04-13T15:21:17+00:00\",\"description\":\"Hire Paris Cinematographer Emmanuel Lakkari. Available for narrative films, luxury commercials and international projects.\",\"breadcrumb\":{\"@id\":\"https:\\\/\\\/emmanuellakkari.com\\\/contact\\\/#breadcrumb\"},\"inLanguage\":\"fr-FR\",\"potentialAction\":[{\"@type\":\"ReadAction\",\"target\":[\"https:\\\/\\\/emmanuellakkari.com\\\/contact\\\/\"]}]},{\"@type\":\"ImageObject\",\"inLanguage\":\"fr-FR\",\"@id\":\"https:\\\/\\\/emmanuellakkari.com\\\/contact\\\/#primaryimage\",\"url\":\"https:\\\/\\\/emmanuellakkari.com\\\/wp-content\\\/uploads\\\/2025\\\/10\\\/448750008_8084249678294516_243085398068846238_n-960x676.jpg\",\"contentUrl\":\"https:\\\/\\\/emmanuellakkari.com\\\/wp-content\\\/uploads\\\/2025\\\/10\\\/448750008_8084249678294516_243085398068846238_n-960x676.jpg\"},{\"@type\":\"BreadcrumbList\",\"@id\":\"https:\\\/\\\/emmanuellakkari.com\\\/contact\\\/#breadcrumb\",\"itemListElement\":[{\"@type\":\"ListItem\",\"position\":1,\"name\":\"Accueil\",\"item\":\"https:\\\/\\\/emmanuellakkari.com\\\/\"},{\"@type\":\"ListItem\",\"position\":2,\"name\":\"Contact\"}]},{\"@type\":\"WebSite\",\"@id\":\"https:\\\/\\\/emmanuellakkari.com\\\/#website\",\"url\":\"https:\\\/\\\/emmanuellakkari.com\\\/\",\"name\":\"Emmanuel Lakkari\",\"description\":\"Cinematographer\",\"publisher\":{\"@id\":\"https:\\\/\\\/emmanuellakkari.com\\\/#\\\/schema\\\/person\\\/f9dd3222166a3f35319f276a7d6b1071\"},\"potentialAction\":[{\"@type\":\"SearchAction\",\"target\":{\"@type\":\"EntryPoint\",\"urlTemplate\":\"https:\\\/\\\/emmanuellakkari.com\\\/?s={search_term_string}\"},\"query-input\":{\"@type\":\"PropertyValueSpecification\",\"valueRequired\":true,\"valueName\":\"search_term_string\"}}],\"inLanguage\":\"fr-FR\"},{\"@type\":[\"Person\",\"Organization\"],\"@id\":\"https:\\\/\\\/emmanuellakkari.com\\\/#\\\/schema\\\/person\\\/f9dd3222166a3f35319f276a7d6b1071\",\"name\":\"Emmanuel LAKKARI\",\"image\":{\"@type\":\"ImageObject\",\"inLanguage\":\"fr-FR\",\"@id\":\"https:\\\/\\\/emmanuellakkari.com\\\/wp-content\\\/uploads\\\/2023\\\/01\\\/cropped-Plan-de-travail-3logo-e1674051030527.png\",\"url\":\"https:\\\/\\\/emmanuellakkari.com\\\/wp-content\\\/uploads\\\/2023\\\/01\\\/cropped-Plan-de-travail-3logo-e1674051030527.png\",\"contentUrl\":\"https:\\\/\\\/emmanuellakkari.com\\\/wp-content\\\/uploads\\\/2023\\\/01\\\/cropped-Plan-de-travail-3logo-e1674051030527.png\",\"width\":512,\"height\":512,\"caption\":\"Emmanuel LAKKARI\"},\"logo\":{\"@id\":\"https:\\\/\\\/emmanuellakkari.com\\\/wp-content\\\/uploads\\\/2023\\\/01\\\/cropped-Plan-de-travail-3logo-e1674051030527.png\"},\"description\":\"Paris-based Cinematographer &amp; Colorist. 15+ years in narrative films and luxury commercials. Vimeo: https:\\\/\\\/vimeo.com\\\/emmanuellakkari IMDb: https:\\\/\\\/www.imdb.com\\\/name\\\/nm4525282\\\/\",\"sameAs\":[\"https:\\\/\\\/emmanuellakkari.com\",\"https:\\\/\\\/www.facebook.com\\\/emmanuel.lakkaripro\",\"https:\\\/\\\/instagram.com\\\/emmanuellakkaridop\",\"https:\\\/\\\/www.linkedin.com\\\/in\\\/emmanuel-lakkari\",\"https:\\\/\\\/www.youtube.com\\\/c\\\/EmmanuelLakkariCinematographer\"]}]}<\/script>\n<!-- \/ Yoast SEO plugin. -->","yoast_head_json":{"title":"Contact Emmanuel Lakkari \u2014 Paris DOP & Cinematographer","description":"Hire Paris Cinematographer Emmanuel Lakkari. Available for narrative films, luxury commercials and international projects.","robots":{"index":"index","follow":"follow","max-snippet":"max-snippet:-1","max-image-preview":"max-image-preview:large","max-video-preview":"max-video-preview:-1"},"canonical":"https:\/\/emmanuellakkari.com\/fr\/contact\/","og_locale":"fr_FR","og_type":"article","og_title":"Contact Emmanuel Lakkari \u2014 Paris DOP & Cinematographer","og_description":"Hire Paris Cinematographer Emmanuel Lakkari. Available for narrative films, luxury commercials and international projects.","og_url":"https:\/\/emmanuellakkari.com\/fr\/contact\/","og_site_name":"Emmanuel Lakkari","article_publisher":"https:\/\/www.facebook.com\/emmanuel.lakkaripro","article_modified_time":"2026-04-13T15:21:17+00:00","og_image":[{"url":"https:\/\/emmanuellakkari.com\/wp-content\/uploads\/2025\/10\/448750008_8084249678294516_243085398068846238_n-960x676.jpg","type":"","width":"","height":""}],"twitter_card":"summary_large_image","twitter_site":"@LakkariEmmanuel","twitter_misc":{"Dur\u00e9e de lecture estim\u00e9e":"1 minute"},"schema":{"@context":"https:\/\/schema.org","@graph":[{"@type":"WebPage","@id":"https:\/\/emmanuellakkari.com\/contact\/","url":"https:\/\/emmanuellakkari.com\/contact\/","name":"Contact Emmanuel Lakkari \u2014 Paris DOP & Cinematographer","isPartOf":{"@id":"https:\/\/emmanuellakkari.com\/#website"},"primaryImageOfPage":{"@id":"https:\/\/emmanuellakkari.com\/contact\/#primaryimage"},"image":{"@id":"https:\/\/emmanuellakkari.com\/contact\/#primaryimage"},"thumbnailUrl":"https:\/\/emmanuellakkari.com\/wp-content\/uploads\/2025\/10\/448750008_8084249678294516_243085398068846238_n-960x676.jpg","datePublished":"2019-10-09T17:45:03+00:00","dateModified":"2026-04-13T15:21:17+00:00","description":"Hire Paris Cinematographer Emmanuel Lakkari. Available for narrative films, luxury commercials and international projects.","breadcrumb":{"@id":"https:\/\/emmanuellakkari.com\/contact\/#breadcrumb"},"inLanguage":"fr-FR","potentialAction":[{"@type":"ReadAction","target":["https:\/\/emmanuellakkari.com\/contact\/"]}]},{"@type":"ImageObject","inLanguage":"fr-FR","@id":"https:\/\/emmanuellakkari.com\/contact\/#primaryimage","url":"https:\/\/emmanuellakkari.com\/wp-content\/uploads\/2025\/10\/448750008_8084249678294516_243085398068846238_n-960x676.jpg","contentUrl":"https:\/\/emmanuellakkari.com\/wp-content\/uploads\/2025\/10\/448750008_8084249678294516_243085398068846238_n-960x676.jpg"},{"@type":"BreadcrumbList","@id":"https:\/\/emmanuellakkari.com\/contact\/#breadcrumb","itemListElement":[{"@type":"ListItem","position":1,"name":"Accueil","item":"https:\/\/emmanuellakkari.com\/"},{"@type":"ListItem","position":2,"name":"Contact"}]},{"@type":"WebSite","@id":"https:\/\/emmanuellakkari.com\/#website","url":"https:\/\/emmanuellakkari.com\/","name":"Emmanuel Lakkari","description":"Directeur de la Photographie","publisher":{"@id":"https:\/\/emmanuellakkari.com\/#\/schema\/person\/f9dd3222166a3f35319f276a7d6b1071"},"potentialAction":[{"@type":"SearchAction","target":{"@type":"EntryPoint","urlTemplate":"https:\/\/emmanuellakkari.com\/?s={search_term_string}"},"query-input":{"@type":"PropertyValueSpecification","valueRequired":true,"valueName":"search_term_string"}}],"inLanguage":"fr-FR"},{"@type":["Person","Organization"],"@id":"https:\/\/emmanuellakkari.com\/#\/schema\/person\/f9dd3222166a3f35319f276a7d6b1071","name":"Emmanuel LAKKARI","image":{"@type":"ImageObject","inLanguage":"fr-FR","@id":"https:\/\/emmanuellakkari.com\/wp-content\/uploads\/2023\/01\/cropped-Plan-de-travail-3logo-e1674051030527.png","url":"https:\/\/emmanuellakkari.com\/wp-content\/uploads\/2023\/01\/cropped-Plan-de-travail-3logo-e1674051030527.png","contentUrl":"https:\/\/emmanuellakkari.com\/wp-content\/uploads\/2023\/01\/cropped-Plan-de-travail-3logo-e1674051030527.png","width":512,"height":512,"caption":"Emmanuel LAKKARI"},"logo":{"@id":"https:\/\/emmanuellakkari.com\/wp-content\/uploads\/2023\/01\/cropped-Plan-de-travail-3logo-e1674051030527.png"},"description":"Paris-based Cinematographer &amp; Colorist. 15+ years in narrative films and luxury commercials. Vimeo: https:\/\/vimeo.com\/emmanuellakkari IMDb: https:\/\/www.imdb.com\/name\/nm4525282\/","sameAs":["https:\/\/emmanuellakkari.com","https:\/\/www.facebook.com\/emmanuel.lakkaripro","https:\/\/instagram.com\/emmanuellakkaridop","https:\/\/www.linkedin.com\/in\/emmanuel-lakkari","https:\/\/www.youtube.com\/c\/EmmanuelLakkariCinematographer"]}]}},"_links":{"self":[{"href":"https:\/\/emmanuellakkari.com\/fr\/wp-json\/wp\/v2\/pages\/214","targetHints":{"allow":["GET"]}}],"collection":[{"href":"https:\/\/emmanuellakkari.com\/fr\/wp-json\/wp\/v2\/pages"}],"about":[{"href":"https:\/\/emmanuellakkari.com\/fr\/wp-json\/wp\/v2\/types\/page"}],"author":[{"embeddable":true,"href":"https:\/\/emmanuellakkari.com\/fr\/wp-json\/wp\/v2\/users\/1"}],"replies":[{"embeddable":true,"href":"https:\/\/emmanuellakkari.com\/fr\/wp-json\/wp\/v2\/comments?post=214"}],"version-history":[{"count":4,"href":"https:\/\/emmanuellakkari.com\/fr\/wp-json\/wp\/v2\/pages\/214\/revisions"}],"predecessor-version":[{"id":3575,"href":"https:\/\/emmanuellakkari.com\/fr\/wp-json\/wp\/v2\/pages\/214\/revisions\/3575"}],"wp:attachment":[{"href":"https:\/\/emmanuellakkari.com\/fr\/wp-json\/wp\/v2\/media?parent=214"}],"curies":[{"name":"wp","href":"https:\/\/api.w.org\/{rel}","templated":true}]}}